{"id":1231,"date":"2025-12-23T13:05:29","date_gmt":"2025-12-23T12:05:29","guid":{"rendered":"https:\/\/www.tinytattoo.com\/artistas\/pol-calvo\/"},"modified":"2026-01-26T13:55:46","modified_gmt":"2026-01-26T12:55:46","slug":"pol-calvo","status":"publish","type":"page","link":"https:\/\/www.tinytattoo.com\/es\/artistas\/pol-calvo\/","title":{"rendered":"Pol Calvo"},"content":{"rendered":"[vc_row type=\u00bbfull_width_background\u00bb full_screen_row_position=\u00bbmiddle\u00bb column_margin=\u00bbdefault\u00bb column_direction=\u00bbdefault\u00bb column_direction_tablet=\u00bbdefault\u00bb column_direction_phone=\u00bbdefault\u00bb bg_color=\u00bb#fce9f4&#8243; scene_position=\u00bbcenter\u00bb top_padding=\u00bb100&#8243; text_color=\u00bbdark\u00bb text_align=\u00bbleft\u00bb row_border_radius=\u00bbnone\u00bb row_border_radius_applies=\u00bbbg\u00bb overflow=\u00bbvisible\u00bb id=\u00bbbartista1&#8243; overlay_strength=\u00bb0.3&#8243; gradient_direction=\u00bbleft_to_right\u00bb shape_divider_position=\u00bbbottom\u00bb bg_image_animation=\u00bbnone\u00bb gradient_type=\u00bbdefault\u00bb shape_type=\u00bb\u00bb][vc_column column_padding=\u00bbno-extra-padding\u00bb column_padding_tablet=\u00bbinherit\u00bb column_padding_phone=\u00bbinherit\u00bb column_padding_position=\u00bball\u00bb column_element_direction_desktop=\u00bbdefault\u00bb column_element_spacing=\u00bbdefault\u00bb desktop_text_alignment=\u00bbdefault\u00bb tablet_text_alignment=\u00bbdefault\u00bb phone_text_alignment=\u00bbdefault\u00bb background_color_opacity=\u00bb1&#8243; background_hover_color_opacity=\u00bb1&#8243; column_backdrop_filter=\u00bbnone\u00bb column_shadow=\u00bbnone\u00bb column_border_radius=\u00bbnone\u00bb column_link_target=\u00bb_self\u00bb column_position=\u00bbdefault\u00bb gradient_direction=\u00bbleft_to_right\u00bb overlay_strength=\u00bb0.3&#8243; width=\u00bb1\/2&#8243; tablet_width_inherit=\u00bbdefault\u00bb animation_type=\u00bbdefault\u00bb bg_image_animation=\u00bbnone\u00bb border_type=\u00bbsimple\u00bb column_border_width=\u00bbnone\u00bb column_border_style=\u00bbsolid\u00bb][vc_custom_heading source=\u00bbpost_title\u00bb font_container=\u00bbtag:h1|text_align:left\u00bb use_theme_fonts=\u00bbyes\u00bb css=\u00bb\u00bb][vc_column_text css=\u00bb\u00bb text_direction=\u00bbdefault\u00bb]Pol es un tatuador catal\u00e1n con una gran pasi\u00f3n por las l\u00edneas limpias y el dise\u00f1o meticuloso. Su estilo refleja un equilibrio entre precisi\u00f3n y creatividad, dando como resultado tatuajes con un toque intencional y bien elaborado.<\/p>\n<p>Inspirado por sus ra\u00edces y experiencias, aporta un enfoque sereno y profesional a cada pieza. A Pol le gusta conectar con la gente a trav\u00e9s de su trabajo, creando tatuajes significativos y duraderos.[\/vc_column_text][\/vc_column][vc_column column_padding=\u00bbno-extra-padding\u00bb column_padding_tablet=\u00bbinherit\u00bb column_padding_phone=\u00bbinherit\u00bb column_padding_position=\u00bball\u00bb column_element_direction_desktop=\u00bbdefault\u00bb column_element_spacing=\u00bbdefault\u00bb desktop_text_alignment=\u00bbdefault\u00bb tablet_text_alignment=\u00bbdefault\u00bb phone_text_alignment=\u00bbdefault\u00bb background_color_opacity=\u00bb1&#8243; background_hover_color_opacity=\u00bb1&#8243; column_backdrop_filter=\u00bbnone\u00bb column_shadow=\u00bbnone\u00bb column_border_radius=\u00bbnone\u00bb column_link_target=\u00bb_self\u00bb column_position=\u00bbdefault\u00bb gradient_direction=\u00bbleft_to_right\u00bb overlay_strength=\u00bb0.3&#8243; width=\u00bb1\/2&#8243; tablet_width_inherit=\u00bbdefault\u00bb animation_type=\u00bbdefault\u00bb bg_image_animation=\u00bbnone\u00bb border_type=\u00bbsimple\u00bb column_border_width=\u00bbnone\u00bb column_border_style=\u00bbsolid\u00bb][vc_column_text css=\u00bb\u00bb el_class=\u00bbmigasdepan\u00bb text_direction=\u00bbdefault\u00bb]ARTISTA \/ POL CALVO[\/vc_column_text][image_with_animation image_url=\u00bb1218&#8243; image_size=\u00bbfull\u00bb animation_type=\u00bbentrance\u00bb animation=\u00bbNone\u00bb animation_movement_type=\u00bbtransform_y\u00bb hover_animation=\u00bbnone\u00bb alignment=\u00bb\u00bb border_radius=\u00bb20px\u00bb box_shadow=\u00bbnone\u00bb image_loading=\u00bbdefault\u00bb max_width=\u00bb100%\u00bb max_width_mobile=\u00bbdefault\u00bb el_class=\u00bbimgartista\u00bb][nectar_btn size=\u00bbjumbo\u00bb open_new_tab=\u00bbtrue\u00bb button_style=\u00bbregular\u00bb button_color_2=\u00bbExtra-Color-3&#8243; color_override=\u00bb#ff77b7&#8243; solid_text_color_override=\u00bb#000000&#8243; icon_family=\u00bbnone\u00bb el_class=\u00bbbtn_rosa\u00bb text=\u00bbRESERVA TU TATTOO\u00bb url=\u00bbhttps:\/\/www.fresha.com\/book-now\/tiny-tattoo-dw5d47s1\/services?lid=2589806&amp;share&amp;pId=2508492&#8243;][\/vc_column][\/vc_row][vc_row type=\u00bbfull_width_background\u00bb full_screen_row_position=\u00bbmiddle\u00bb column_margin=\u00bbdefault\u00bb column_direction=\u00bbdefault\u00bb column_direction_tablet=\u00bbdefault\u00bb column_direction_phone=\u00bbdefault\u00bb bg_color=\u00bb#fce9f4&#8243; scene_position=\u00bbcenter\u00bb text_color=\u00bbdark\u00bb text_align=\u00bbleft\u00bb row_border_radius=\u00bbnone\u00bb row_border_radius_applies=\u00bbbg\u00bb overflow=\u00bbvisible\u00bb id=\u00bbbartista2&#8243; overlay_strength=\u00bb0.3&#8243; gradient_direction=\u00bbleft_to_right\u00bb shape_divider_position=\u00bbbottom\u00bb bg_image_animation=\u00bbnone\u00bb gradient_type=\u00bbdefault\u00bb shape_type=\u00bb\u00bb][vc_column column_padding=\u00bbno-extra-padding\u00bb column_padding_tablet=\u00bbinherit\u00bb column_padding_phone=\u00bbinherit\u00bb column_padding_position=\u00bball\u00bb column_element_direction_desktop=\u00bbdefault\u00bb column_element_spacing=\u00bbdefault\u00bb desktop_text_alignment=\u00bbdefault\u00bb tablet_text_alignment=\u00bbdefault\u00bb phone_text_alignment=\u00bbdefault\u00bb background_color_opacity=\u00bb1&#8243; background_hover_color_opacity=\u00bb1&#8243; column_backdrop_filter=\u00bbnone\u00bb column_shadow=\u00bbnone\u00bb column_border_radius=\u00bbnone\u00bb column_link_target=\u00bb_self\u00bb column_position=\u00bbdefault\u00bb gradient_direction=\u00bbleft_to_right\u00bb overlay_strength=\u00bb0.3&#8243; width=\u00bb1\/1&#8243; tablet_width_inherit=\u00bbdefault\u00bb animation_type=\u00bbdefault\u00bb bg_image_animation=\u00bbnone\u00bb border_type=\u00bbsimple\u00bb column_border_width=\u00bbnone\u00bb column_border_style=\u00bbsolid\u00bb][vc_gallery css=\u00bb\u00bb type=\u00bbimage_grid\u00bb images=\u00bb1233,1234,1235,1236,1237,1238,1239,1240,1241,1242&#8243; image_grid_loading=\u00bbdefault\u00bb layout=\u00bb3&#8243; masonry_style=\u00bbtrue\u00bb item_spacing=\u00bb1px\u00bb gallery_style=\u00bb7&#8243; load_in_animation=\u00bbnone\u00bb img_size=\u00bbfull\u00bb][vc_column_text css=\u00bb\u00bb el_class=\u00bblink_black\u00bb text_direction=\u00bbdefault\u00bb]<a href=\"https:\/\/www.tinytattoo.com\/es\/artistas\/\">TODOS LOS ARTISTAS<\/a>[\/vc_column_text][\/vc_column][\/vc_row]\n","protected":false},"excerpt":{"rendered":"<p>[vc_row type=\u00bbfull_width_background\u00bb full_screen_row_position=\u00bbmiddle\u00bb column_margin=\u00bbdefault\u00bb column_direction=\u00bbdefault\u00bb column_direction_tablet=\u00bbdefault\u00bb column_direction_phone=\u00bbdefault\u00bb bg_color=\u00bb#fce9f4&#8243; scene_position=\u00bbcenter\u00bb top_padding=\u00bb100&#8243; text_color=\u00bbdark\u00bb text_align=\u00bbleft\u00bb row_border_radius=\u00bbnone\u00bb row_border_radius_applies=\u00bbbg\u00bb overflow=\u00bbvisible\u00bb id=\u00bbbartista1&#8243; overlay_strength=\u00bb0.3&#8243; gradient_direction=\u00bbleft_to_right\u00bb shape_divider_position=\u00bbbottom\u00bb bg_image_animation=\u00bbnone\u00bb gradient_type=\u00bbdefault\u00bb shape_type=\u00bb\u00bb][vc_column column_padding=\u00bbno-extra-padding\u00bb column_padding_tablet=\u00bbinherit\u00bb column_padding_phone=\u00bbinherit\u00bb column_padding_position=\u00bball\u00bb column_element_direction_desktop=\u00bbdefault\u00bb column_element_spacing=\u00bbdefault\u00bb desktop_text_alignment=\u00bbdefault\u00bb tablet_text_alignment=\u00bbdefault\u00bb&#8230;<\/p>\n","protected":false},"author":1,"featured_media":1232,"parent":751,"menu_order":0,"comment_status":"closed","ping_status":"closed","template":"","meta":{"footnotes":""},"tipo":[29],"class_list":{"0":"post-1231","1":"page","2":"type-page","3":"status-publish","4":"has-post-thumbnail","6":"tipo-bossa"},"_links":{"self":[{"href":"https:\/\/www.tinytattoo.com\/es\/wp-json\/wp\/v2\/pages\/1231","targetHints":{"allow":["GET"]}}],"collection":[{"href":"https:\/\/www.tinytattoo.com\/es\/wp-json\/wp\/v2\/pages"}],"about":[{"href":"https:\/\/www.tinytattoo.com\/es\/wp-json\/wp\/v2\/types\/page"}],"author":[{"embeddable":true,"href":"https:\/\/www.tinytattoo.com\/es\/wp-json\/wp\/v2\/users\/1"}],"replies":[{"embeddable":true,"href":"https:\/\/www.tinytattoo.com\/es\/wp-json\/wp\/v2\/comments?post=1231"}],"version-history":[{"count":5,"href":"https:\/\/www.tinytattoo.com\/es\/wp-json\/wp\/v2\/pages\/1231\/revisions"}],"predecessor-version":[{"id":1392,"href":"https:\/\/www.tinytattoo.com\/es\/wp-json\/wp\/v2\/pages\/1231\/revisions\/1392"}],"up":[{"embeddable":true,"href":"https:\/\/www.tinytattoo.com\/es\/wp-json\/wp\/v2\/pages\/751"}],"wp:featuredmedia":[{"embeddable":true,"href":"https:\/\/www.tinytattoo.com\/es\/wp-json\/wp\/v2\/media\/1232"}],"wp:attachment":[{"href":"https:\/\/www.tinytattoo.com\/es\/wp-json\/wp\/v2\/media?parent=1231"}],"wp:term":[{"taxonomy":"tipo","embeddable":true,"href":"https:\/\/www.tinytattoo.com\/es\/wp-json\/wp\/v2\/tipo?post=1231"}],"curies":[{"name":"wp","href":"https:\/\/api.w.org\/{rel}","templated":true}]}}