{"id":1442,"date":"2025-05-20T10:35:49","date_gmt":"2025-05-20T08:35:49","guid":{"rendered":"https:\/\/www.tinytattoo.com\/politica-de-la-tienda\/"},"modified":"2026-04-15T12:56:08","modified_gmt":"2026-04-15T10:56:08","slug":"politica-de-la-tienda","status":"publish","type":"page","link":"https:\/\/www.tinytattoo.com\/es\/politica-de-la-tienda\/","title":{"rendered":"Pol\u00edtica de la tienda"},"content":{"rendered":"[vc_row type=\u00bbfull_width_background\u00bb full_screen_row_position=\u00bbmiddle\u00bb column_margin=\u00bbdefault\u00bb column_direction=\u00bbdefault\u00bb column_direction_tablet=\u00bbdefault\u00bb column_direction_phone=\u00bbdefault\u00bb bg_color=\u00bb#f8bed4&#8243; scene_position=\u00bbcenter\u00bb top_padding=\u00bb100&#8243; bottom_padding=\u00bb20&#8243; text_color=\u00bbdark\u00bb text_align=\u00bbleft\u00bb row_border_radius=\u00bbnone\u00bb row_border_radius_applies=\u00bbbg\u00bb overflow=\u00bbvisible\u00bb class=\u00bbbartists\u00bb id=\u00bbbtopgen\u00bb overlay_strength=\u00bb0.3&#8243; gradient_direction=\u00bbleft_to_right\u00bb shape_divider_position=\u00bbbottom\u00bb bg_image_animation=\u00bbnone\u00bb gradient_type=\u00bbdefault\u00bb shape_type=\u00bb\u00bb][vc_column column_padding=\u00bbno-extra-padding\u00bb column_padding_tablet=\u00bbinherit\u00bb column_padding_phone=\u00bbinherit\u00bb column_padding_position=\u00bball\u00bb column_element_direction_desktop=\u00bbdefault\u00bb column_element_spacing=\u00bbdefault\u00bb centered_text=\u00bbtrue\u00bb desktop_text_alignment=\u00bbdefault\u00bb tablet_text_alignment=\u00bbdefault\u00bb phone_text_alignment=\u00bbdefault\u00bb background_color_opacity=\u00bb1&#8243; background_hover_color_opacity=\u00bb1&#8243; column_backdrop_filter=\u00bbnone\u00bb column_shadow=\u00bbnone\u00bb column_border_radius=\u00bbnone\u00bb column_link_target=\u00bb_self\u00bb column_position=\u00bbdefault\u00bb gradient_direction=\u00bbleft_to_right\u00bb overlay_strength=\u00bb0.3&#8243; width=\u00bb1\/1&#8243; tablet_width_inherit=\u00bbdefault\u00bb animation_type=\u00bbdefault\u00bb bg_image_animation=\u00bbnone\u00bb border_type=\u00bbsimple\u00bb column_border_width=\u00bbnone\u00bb column_border_style=\u00bbsolid\u00bb column_padding_type=\u00bbdefault\u00bb gradient_type=\u00bbdefault\u00bb][vc_custom_heading source=\u00bbpost_title\u00bb font_container=\u00bbtag:h1|text_align:center\u00bb use_theme_fonts=\u00bbyes\u00bb css=\u00bb\u00bb el_class=\u00bbtit_amarillo_up\u00bb][\/vc_column][\/vc_row][vc_row type=\u00bbfull_width_background\u00bb full_screen_row_position=\u00bbmiddle\u00bb column_margin=\u00bbdefault\u00bb column_direction=\u00bbdefault\u00bb column_direction_tablet=\u00bbdefault\u00bb column_direction_phone=\u00bbdefault\u00bb bg_color=\u00bb#f8bed4&#8243; scene_position=\u00bbcenter\u00bb bottom_padding=\u00bb60&#8243; text_color=\u00bbdark\u00bb text_align=\u00bbleft\u00bb row_border_radius=\u00bbnone\u00bb row_border_radius_applies=\u00bbbg\u00bb overflow=\u00bbvisible\u00bb overlay_strength=\u00bb0.3&#8243; gradient_direction=\u00bbleft_to_right\u00bb shape_divider_position=\u00bbbottom\u00bb bg_image_animation=\u00bbnone\u00bb gradient_type=\u00bbdefault\u00bb shape_type=\u00bb\u00bb][vc_column column_padding=\u00bbno-extra-padding\u00bb column_padding_tablet=\u00bbinherit\u00bb column_padding_phone=\u00bbinherit\u00bb column_padding_position=\u00bball\u00bb column_element_direction_desktop=\u00bbdefault\u00bb column_element_spacing=\u00bbdefault\u00bb desktop_text_alignment=\u00bbdefault\u00bb tablet_text_alignment=\u00bbdefault\u00bb phone_text_alignment=\u00bbdefault\u00bb background_color_opacity=\u00bb1&#8243; background_hover_color_opacity=\u00bb1&#8243; column_backdrop_filter=\u00bbnone\u00bb column_shadow=\u00bbnone\u00bb column_border_radius=\u00bbnone\u00bb column_link_target=\u00bb_self\u00bb column_position=\u00bbdefault\u00bb gradient_direction=\u00bbleft_to_right\u00bb overlay_strength=\u00bb0.3&#8243; width=\u00bb1\/1&#8243; tablet_width_inherit=\u00bbdefault\u00bb animation_type=\u00bbdefault\u00bb bg_image_animation=\u00bbnone\u00bb border_type=\u00bbsimple\u00bb column_border_width=\u00bbnone\u00bb column_border_style=\u00bbsolid\u00bb][vc_column_text css=\u00bb\u00bb text_direction=\u00bbdefault\u00bb el_class=\u00bbtextomayus\u00bb]<strong>Responsabilidades del cliente<\/strong><\/p>\n<ul>\n<li aria-level=\"1\">Los clientes deben tener al menos 18 a\u00f1os para tatuarse o perforarse.<\/li>\n<li aria-level=\"1\">Es esencial que los clientes proporcionen detalles precisos y completos sobre su historial m\u00e9dico, incluidas las alergias, los medicamentos y otros factores relevantes que puedan influir en el procedimiento o el cuidado posterior.<\/li>\n<li aria-level=\"1\">Los clientes son responsables de cumplir con las instrucciones de cuidados del artista y de mantener limpia el \u00e1rea tatuada o perforada para facilitar la curaci\u00f3n.<\/li>\n<\/ul>\n<p><strong>Dise\u00f1o y colocaci\u00f3n del tatuaje<\/strong><\/p>\n<ul>\n<li aria-level=\"1\">Se requiere la aprobaci\u00f3n del cliente para el dise\u00f1o final y su ubicaci\u00f3n antes de comenzar el proceso de tatuado.<\/li>\n<li aria-level=\"1\">El tatuador puede rechazar cualquier dise\u00f1o o ubicaci\u00f3n que considere inapropiado, ofensivo o potencialmente da\u00f1ino.<\/li>\n<\/ul>\n<p><strong>Salud y seguridad<\/strong><\/p>\n<ul>\n<li aria-level=\"1\">El estudio sigue estrictos protocolos de salud y seguridad para mantener un entorno limpio e higi\u00e9nico.<\/li>\n<li aria-level=\"1\">Los clientes deben informar al artista sobre cualquier problema m\u00e9dico, alergia o sensibilidad preexistente que pueda afectar la seguridad de recibir un tatuaje o una perforaci\u00f3n.<\/li>\n<li aria-level=\"1\">El artista se reserva el derecho de rechazar el servicio si alg\u00fan problema de salud presenta un riesgo para el cliente o puede afectar la calidad del resultado.<\/li>\n<\/ul>\n<p><strong>Proceso y resultados del tatuaje<\/strong><\/p>\n<ul>\n<li aria-level=\"1\">El tatuador har\u00e1 todo lo posible para lograr un resultado satisfactorio seg\u00fan el dise\u00f1o y la ubicaci\u00f3n aprobados.<\/li>\n<li aria-level=\"1\">Los clientes entienden que el aspecto final del tatuaje puede diferir de los bocetos, plantillas o referencias debido al tipo de piel, el color, la textura y el proceso de curaci\u00f3n.<\/li>\n<li aria-level=\"1\">El tatuador no es responsable de ninguna insatisfacci\u00f3n derivada de cambios en la apariencia del tatuaje debido a un cuidado posterior inadecuado u otros factores externos.<\/li>\n<\/ul>\n<p><strong>Precios y pago<\/strong><\/p>\n<ul>\n<li aria-level=\"1\">Los precios de los servicios de tatuajes se discutir\u00e1n y acordar\u00e1n antes de realizar el tatuaje. Se pueden aplicar tarifas adicionales por dise\u00f1os personalizados, tatuajes m\u00e1s grandes o modificaciones significativas.<\/li>\n<li aria-level=\"1\">Se requiere un dep\u00f3sito no reembolsable para confirmar la cita, que se deducir\u00e1 del pago total.<\/li>\n<li aria-level=\"1\">Se espera el pago total al momento del servicio y los m\u00e9todos de pago aceptados pueden incluir efectivo, tarjetas de cr\u00e9dito\/d\u00e9bito u otras opciones acordadas mutuamente.<\/li>\n<\/ul>\n<p><strong>Responsabilidad y exenci\u00f3n<\/strong><\/p>\n<ul>\n<li aria-level=\"1\">Los clientes reconocen que los tatuajes y las perforaciones conllevan ciertos riesgos, incluidos dolor, incomodidad, reacciones al\u00e9rgicas, infecci\u00f3n, cicatrices y la posibilidad de necesitar retoques.<\/li>\n<li aria-level=\"1\">Los clientes eximen al artista, los empleados y las partes relacionadas de cualquier reclamo, responsabilidad, demanda o acci\u00f3n legal relacionada con el procedimiento del tatuaje, excepto en casos de negligencia grave o mala conducta intencional.<\/li>\n<\/ul>\n<p><strong>Fotograf\u00eda y promoci\u00f3n<\/strong><\/p>\n<ul>\n<li aria-level=\"1\">Los clientes otorgan permiso a Tiny Tattoo para capturar fotograf\u00edas o videos del tatuaje con fines de marketing, promoci\u00f3n o educativos, al tiempo que garantizan la confidencialidad de cualquier informaci\u00f3n personal.<\/li>\n<\/ul>\n<p><strong>Ley aplicable<\/strong><\/p>\n<ul>\n<li aria-level=\"1\">Estos t\u00e9rminos y condiciones se regir\u00e1n e interpretar\u00e1n de acuerdo con las leyes de Espa\u00f1a.<\/li>\n<\/ul>\n[\/vc_column_text][\/vc_column][\/vc_row]\n","protected":false},"excerpt":{"rendered":"<p>[vc_row type=\u00bbfull_width_background\u00bb full_screen_row_position=\u00bbmiddle\u00bb column_margin=\u00bbdefault\u00bb column_direction=\u00bbdefault\u00bb column_direction_tablet=\u00bbdefault\u00bb column_direction_phone=\u00bbdefault\u00bb bg_color=\u00bb#f8bed4&#8243; scene_position=\u00bbcenter\u00bb top_padding=\u00bb100&#8243; bottom_padding=\u00bb20&#8243; text_color=\u00bbdark\u00bb text_align=\u00bbleft\u00bb row_border_radius=\u00bbnone\u00bb row_border_radius_applies=\u00bbbg\u00bb overflow=\u00bbvisible\u00bb class=\u00bbbartists\u00bb id=\u00bbbtopgen\u00bb overlay_strength=\u00bb0.3&#8243; gradient_direction=\u00bbleft_to_right\u00bb shape_divider_position=\u00bbbottom\u00bb bg_image_animation=\u00bbnone\u00bb gradient_type=\u00bbdefault\u00bb shape_type=\u00bb\u00bb][vc_column column_padding=\u00bbno-extra-padding\u00bb column_padding_tablet=\u00bbinherit\u00bb column_padding_phone=\u00bbinherit\u00bb column_padding_position=\u00bball\u00bb column_element_direction_desktop=\u00bbdefault\u00bb column_element_spacing=\u00bbdefault\u00bb&#8230;<\/p>\n","protected":false},"author":1,"featured_media":0,"parent":0,"menu_order":0,"comment_status":"closed","ping_status":"closed","template":"","meta":{"footnotes":""},"tipo":[],"class_list":["post-1442","page","type-page","status-publish"],"_links":{"self":[{"href":"https:\/\/www.tinytattoo.com\/es\/wp-json\/wp\/v2\/pages\/1442","targetHints":{"allow":["GET"]}}],"collection":[{"href":"https:\/\/www.tinytattoo.com\/es\/wp-json\/wp\/v2\/pages"}],"about":[{"href":"https:\/\/www.tinytattoo.com\/es\/wp-json\/wp\/v2\/types\/page"}],"author":[{"embeddable":true,"href":"https:\/\/www.tinytattoo.com\/es\/wp-json\/wp\/v2\/users\/1"}],"replies":[{"embeddable":true,"href":"https:\/\/www.tinytattoo.com\/es\/wp-json\/wp\/v2\/comments?post=1442"}],"version-history":[{"count":2,"href":"https:\/\/www.tinytattoo.com\/es\/wp-json\/wp\/v2\/pages\/1442\/revisions"}],"predecessor-version":[{"id":1504,"href":"https:\/\/www.tinytattoo.com\/es\/wp-json\/wp\/v2\/pages\/1442\/revisions\/1504"}],"wp:attachment":[{"href":"https:\/\/www.tinytattoo.com\/es\/wp-json\/wp\/v2\/media?parent=1442"}],"wp:term":[{"taxonomy":"tipo","embeddable":true,"href":"https:\/\/www.tinytattoo.com\/es\/wp-json\/wp\/v2\/tipo?post=1442"}],"curies":[{"name":"wp","href":"https:\/\/api.w.org\/{rel}","templated":true}]}}