{"id":958,"date":"2025-05-20T18:09:56","date_gmt":"2025-05-20T16:09:56","guid":{"rendered":"https:\/\/www.tinytattoo.com\/faq\/"},"modified":"2026-04-15T13:32:32","modified_gmt":"2026-04-15T11:32:32","slug":"faq","status":"publish","type":"page","link":"https:\/\/www.tinytattoo.com\/es\/faq\/","title":{"rendered":"FAQ"},"content":{"rendered":"[vc_row type=\u00bbfull_width_background\u00bb full_screen_row_position=\u00bbmiddle\u00bb column_margin=\u00bbdefault\u00bb column_direction=\u00bbdefault\u00bb column_direction_tablet=\u00bbdefault\u00bb column_direction_phone=\u00bbdefault\u00bb bg_color=\u00bb#f8bed4&#8243; scene_position=\u00bbcenter\u00bb top_padding=\u00bb100&#8243; bottom_padding=\u00bb20&#8243; text_color=\u00bbdark\u00bb text_align=\u00bbleft\u00bb row_border_radius=\u00bbnone\u00bb row_border_radius_applies=\u00bbbg\u00bb overflow=\u00bbvisible\u00bb class=\u00bbbartists\u00bb id=\u00bbbtopgen\u00bb overlay_strength=\u00bb0.3&#8243; gradient_direction=\u00bbleft_to_right\u00bb shape_divider_position=\u00bbbottom\u00bb bg_image_animation=\u00bbnone\u00bb gradient_type=\u00bbdefault\u00bb shape_type=\u00bb\u00bb][vc_column column_padding=\u00bbno-extra-padding\u00bb column_padding_tablet=\u00bbinherit\u00bb column_padding_phone=\u00bbinherit\u00bb column_padding_position=\u00bball\u00bb column_element_direction_desktop=\u00bbdefault\u00bb column_element_spacing=\u00bbdefault\u00bb centered_text=\u00bbtrue\u00bb desktop_text_alignment=\u00bbdefault\u00bb tablet_text_alignment=\u00bbdefault\u00bb phone_text_alignment=\u00bbdefault\u00bb background_color_opacity=\u00bb1&#8243; background_hover_color_opacity=\u00bb1&#8243; column_backdrop_filter=\u00bbnone\u00bb column_shadow=\u00bbnone\u00bb column_border_radius=\u00bbnone\u00bb column_link_target=\u00bb_self\u00bb column_position=\u00bbdefault\u00bb gradient_direction=\u00bbleft_to_right\u00bb overlay_strength=\u00bb0.3&#8243; width=\u00bb1\/1&#8243; tablet_width_inherit=\u00bbdefault\u00bb animation_type=\u00bbdefault\u00bb bg_image_animation=\u00bbnone\u00bb border_type=\u00bbsimple\u00bb column_border_width=\u00bbnone\u00bb column_border_style=\u00bbsolid\u00bb column_padding_type=\u00bbdefault\u00bb gradient_type=\u00bbdefault\u00bb][vc_custom_heading source=\u00bbpost_title\u00bb font_container=\u00bbtag:h1|text_align:center\u00bb use_theme_fonts=\u00bbyes\u00bb css=\u00bb\u00bb el_class=\u00bbtit_amarillo_up\u00bb][\/vc_column][\/vc_row][vc_row type=\u00bbfull_width_background\u00bb full_screen_row_position=\u00bbmiddle\u00bb column_margin=\u00bbdefault\u00bb column_direction=\u00bbdefault\u00bb column_direction_tablet=\u00bbdefault\u00bb column_direction_phone=\u00bbdefault\u00bb bg_color=\u00bb#f8bed4&#8243; scene_position=\u00bbcenter\u00bb bottom_padding=\u00bb80&#8243; text_color=\u00bbdark\u00bb text_align=\u00bbleft\u00bb row_border_radius=\u00bbnone\u00bb row_border_radius_applies=\u00bbbg\u00bb overflow=\u00bbvisible\u00bb overlay_strength=\u00bb0.3&#8243; gradient_direction=\u00bbleft_to_right\u00bb shape_divider_position=\u00bbbottom\u00bb bg_image_animation=\u00bbnone\u00bb gradient_type=\u00bbdefault\u00bb shape_type=\u00bb\u00bb][vc_column column_padding=\u00bbno-extra-padding\u00bb column_padding_tablet=\u00bbinherit\u00bb column_padding_phone=\u00bbinherit\u00bb column_padding_position=\u00bball\u00bb column_element_direction_desktop=\u00bbdefault\u00bb column_element_spacing=\u00bbdefault\u00bb desktop_text_alignment=\u00bbdefault\u00bb tablet_text_alignment=\u00bbdefault\u00bb phone_text_alignment=\u00bbdefault\u00bb background_color_opacity=\u00bb1&#8243; background_hover_color_opacity=\u00bb1&#8243; column_backdrop_filter=\u00bbnone\u00bb column_shadow=\u00bbnone\u00bb column_border_radius=\u00bbnone\u00bb column_link_target=\u00bb_self\u00bb column_position=\u00bbdefault\u00bb gradient_direction=\u00bbleft_to_right\u00bb overlay_strength=\u00bb0.3&#8243; width=\u00bb1\/3&#8243; tablet_width_inherit=\u00bbdefault\u00bb animation_type=\u00bbdefault\u00bb bg_image_animation=\u00bbnone\u00bb border_type=\u00bbsimple\u00bb column_border_width=\u00bbnone\u00bb column_border_style=\u00bbsolid\u00bb][vc_custom_heading text=\u00bbPreguntas frecuentes\u00bb font_container=\u00bbtag:h2|text_align:left|color:%23000000&#8243; use_theme_fonts=\u00bbyes\u00bb css=\u00bb\u00bb][vc_column_text css=\u00bb\u00bb text_direction=\u00bbdefault\u00bb]Si tienes m\u00e1s preguntas, <a href=\"https:\/\/www.tinytattoo.com\/es\/contacto\/\">contacta con nosotros<\/a>[\/vc_column_text][\/vc_column][vc_column column_padding=\u00bbno-extra-padding\u00bb column_padding_tablet=\u00bbinherit\u00bb column_padding_phone=\u00bbinherit\u00bb column_padding_position=\u00bball\u00bb column_element_direction_desktop=\u00bbdefault\u00bb column_element_spacing=\u00bbdefault\u00bb desktop_text_alignment=\u00bbdefault\u00bb tablet_text_alignment=\u00bbdefault\u00bb phone_text_alignment=\u00bbdefault\u00bb background_color_opacity=\u00bb1&#8243; background_hover_color_opacity=\u00bb1&#8243; column_backdrop_filter=\u00bbnone\u00bb column_shadow=\u00bbnone\u00bb column_border_radius=\u00bbnone\u00bb column_link_target=\u00bb_self\u00bb column_position=\u00bbdefault\u00bb gradient_direction=\u00bbleft_to_right\u00bb overlay_strength=\u00bb0.3&#8243; width=\u00bb2\/3&#8243; tablet_width_inherit=\u00bbdefault\u00bb animation_type=\u00bbdefault\u00bb bg_image_animation=\u00bbnone\u00bb border_type=\u00bbsimple\u00bb column_border_width=\u00bbnone\u00bb column_border_style=\u00bbsolid\u00bb][toggles style=\u00bbminimal\u00bb accordion=\u00bbtrue\u00bb accordion_starting_functionality=\u00bbclosed\u00bb][toggle color=\u00bbDefault\u00bb heading_tag=\u00bbdefault\u00bb heading_tag_functionality=\u00bbdefault\u00bb title=\u00bb\u00bfC\u00f3mo puedo pedir cita en Tiny Tattoo?\u00bb][vc_column_text css=\u00bb\u00bb text_direction=\u00bbdefault\u00bb]Lo m\u00e1s f\u00e1cil es escribirnos un MD a nuestro Instagram o contactarnos por WhatsApp.<\/p>\n<p>Si est\u00e1s en Barcelona , cita en @tinytattoobarcelona o +34 653 06 69 06.<\/p>\n<p>Si est\u00e1 en Ibiza, cita en @tinytattooibiza, @tinytattoosanantonio o +34 634 48 41 62.[\/vc_column_text][\/toggle][toggle color=\u00bbDefault\u00bb heading_tag=\u00bbdefault\u00bb heading_tag_functionality=\u00bbdefault\u00bb title=\u00bb\u00bfTengo que dejar se\u00f1al para reservar mi cita o para que me hag\u00e1is un dise\u00f1o?\u00bb][vc_column_text css=\u00bb\u00bb text_direction=\u00bbdefault\u00bb]\u00a1S\u00cd! Para reservar tu cita o para que empecemos a dise\u00f1ar deber\u00e1s dejarnos una se\u00f1al, ya sea f\u00edsicamente en el estudio o reservando en la web. El dep\u00f3sito ser\u00e1 de 75\u20ac en ambos casos, ser\u00e1n descontados del precio final el d\u00eda que vengas a tatuarte.[\/vc_column_text][\/toggle][toggle color=\u00bbDefault\u00bb heading_tag=\u00bbdefault\u00bb heading_tag_functionality=\u00bbdefault\u00bb title=\u00bb\u00bfTengo que ir al estudio para agendar una cita o incluso para ense\u00f1aros mis ideas?\u00bb][vc_column_text css=\u00bb\u00bb text_direction=\u00bbdefault\u00bb]No es necesario, puedes enviarnos referencias de todas tus ideas por Instagram. Y nos entendemos seguro!<\/p>\n<p>En el caso de que sea un dise\u00f1o m\u00e1s complicado y sea necesario acordar un d\u00eda para vernos te lo haremos saber.[\/vc_column_text][\/toggle][toggle color=\u00bbDefault\u00bb heading_tag=\u00bbdefault\u00bb heading_tag_functionality=\u00bbdefault\u00bb title=\u00bb\u00bfPuedo cambiar el d\u00eda de mi cita? \u00bfY la se\u00f1al?\u00bb][vc_column_text css=\u00bb\u00bb text_direction=\u00bbdefault\u00bb]\u00a1S\u00ed, por supuesto! Siempre podemos modificar el d\u00eda de la cita, eso si, te pedimos por favor que nos avises lo antes posible para poder reorganizar la agenda. La se\u00f1al en ese caso se guarda en caso de avisarnos por lo menos dos d\u00edas antes.[\/vc_column_text][\/toggle][toggle color=\u00bbDefault\u00bb heading_tag=\u00bbdefault\u00bb heading_tag_functionality=\u00bbdefault\u00bb title=\u00bbSi ya he agendado con vosotros, \u00bfPuedo cambiar el dise\u00f1o\/tama\u00f1o\/zona en el estudio?\u00bb][vc_column_text css=\u00bb\u00bb text_direction=\u00bbdefault\u00bb]Si es algo muy sencillo no hay problema, podemos cambiar. Normalmente realizamos el dise\u00f1o el mismo d\u00eda de la cita contigo, por lo que se har\u00e1n todos los cambios y modificaciones que desees.[\/vc_column_text][\/toggle][toggle color=\u00bbDefault\u00bb heading_tag=\u00bbdefault\u00bb heading_tag_functionality=\u00bbdefault\u00bb title=\u00bb\u00bfTengo que prepararme para el d\u00eda del tatuaje?\u00bb][vc_column_text css=\u00bb\u00bb text_direction=\u00bbdefault\u00bb]\u00a1Debes venir descansad@ y haber comido bien!<br \/>\nEvita beber alcohol antes y despu\u00e9s del tattoo. No es necesario que te rasures la zona a tatuar. Lo hacemos nosotros el d\u00eda de la cita :)[\/vc_column_text][\/toggle][toggle color=\u00bbDefault\u00bb heading_tag=\u00bbdefault\u00bb heading_tag_functionality=\u00bbdefault\u00bb title=\u00bb\u00bfPuedo cancelar mi cita? \u00bfY si es una tarjeta regalo?\u00bb][vc_column_text css=\u00bb\u00bb text_direction=\u00bbdefault\u00bb]Si ten\u00edas se\u00f1al y nos avisas el mismo d\u00eda de la cita de que no vas a venir, perder\u00edas la se\u00f1al.<\/p>\n<p>Si anulas completamente la cita <strong>la se\u00f1al no se devuelve y las tarjetas regalo tampoco son reembolsables<\/strong>. Ambas son <strong>transferibles<\/strong>, si por cualquier motivo no puedes acudir, y nos avisas con suficiente tiempo, puedes ceder tu se\u00f1al a cualquier otra persona que quiera tatuarse con nosotros.[\/vc_column_text][\/toggle][toggle color=\u00bbDefault\u00bb heading_tag=\u00bbdefault\u00bb heading_tag_functionality=\u00bbdefault\u00bb title=\u00bb\u00bfTengo que llevar yo preparado el dise\u00f1o?\u00bb][vc_column_text css=\u00bb\u00bb text_direction=\u00bbdefault\u00bb]No, nosotros preparamos todo \ud83d\ude42 Lo que necesitamos es que nos env\u00edes todas las referencias posibles.[\/vc_column_text][\/toggle][toggle color=\u00bbDefault\u00bb heading_tag=\u00bbdefault\u00bb heading_tag_functionality=\u00bbdefault\u00bb title=\u00bb\u00bfHac\u00e9is covers o repasos de tattoos?\u00bb][vc_column_text css=\u00bb\u00bb text_direction=\u00bbdefault\u00bb]S\u00ed, pero tenemos que ver el estado en el que se encuentran, dependiendo de eso valoramos la mejor opci\u00f3n.[\/vc_column_text][\/toggle][toggle color=\u00bbDefault\u00bb heading_tag=\u00bbdefault\u00bb heading_tag_functionality=\u00bbdefault\u00bb title=\u00bbMe dan miedo las agujas, \u00bfQu\u00e9 puedo hacer?\u00bb][vc_column_text css=\u00bb\u00bb text_direction=\u00bbdefault\u00bb]El tatuaje no tiene nada que ver con una vacuna o inyecci\u00f3n, \u00a1As\u00ed que por eso no te preocupes! Utilizamos agujas diminutas y la t\u00e9cnica de trazo fino es muy superficial e indolora. \u00a1No hay nada que temer! :)[\/vc_column_text][\/toggle][toggle color=\u00bbDefault\u00bb heading_tag=\u00bbdefault\u00bb heading_tag_functionality=\u00bbdefault\u00bb title=\u00bb\u00bfPuedo llevar acompa\u00f1ante?\u00bb][vc_column_text css=\u00bb\u00bb text_direction=\u00bbdefault\u00bb]Por razones de higiene y privacidad en la cabina solo entrar\u00e1 la persona que se va a tatuar y el tatuador.<\/p>\n<p>Si vienes con alguien, tendr\u00e1 que esperarte en la recepci\u00f3n.[\/vc_column_text][\/toggle][toggle color=\u00bbDefault\u00bb heading_tag=\u00bbdefault\u00bb heading_tag_functionality=\u00bbdefault\u00bb title=\u00bbSoy menor, \u00bfPuedo tatuarme con autorizaci\u00f3n?\u00bb][vc_column_text css=\u00bb\u00bb text_direction=\u00bbdefault\u00bb]Solo podemos tatuarte si eres mayor de 16 a\u00f1os y uno de tus padres est\u00e1 presente para firmar el formulario de consentimiento. Si vienes sin tus padres o eres m\u00e1s joven, lo sentimos mucho, pero no.[\/vc_column_text][\/toggle][toggle color=\u00bbDefault\u00bb heading_tag=\u00bbdefault\u00bb heading_tag_functionality=\u00bbdefault\u00bb title=\u00bb\u00bfPuedo ver mi dise\u00f1o personalizado antes de la cita?\u00bb][vc_column_text css=\u00bb\u00bb text_direction=\u00bbdefault\u00bb]If we have to design from scratch, we do the design the same day of the appointment when you come to the studio, so you can make all the changes you want with the artist.[\/vc_column_text][\/toggle][toggle color=\u00bbDefault\u00bb heading_tag=\u00bbdefault\u00bb heading_tag_functionality=\u00bbdefault\u00bb title=\u00bbTengo miedo al dolor, \u00bfPuedo ponerme una crema anest\u00e9sica?\u00bb][vc_column_text css=\u00bb\u00bb text_direction=\u00bbdefault\u00bb]Preferimos que no us\u00e9is ese tipo de cremas, ya que pueden afectar al resultado final del tattoo. En Sinkply realizamos tatuajes tan finitos y peques que no da tiempo a que te duela.<\/p>\n<p>Es m\u00e1s el miedo del primer tattoo que el \u201cdolor\u201d real. \u00a1Que no te asusten! \u00a1Es s\u00faper soportable! Pregunta a cualquiera que se haya tatuado con nosotros :)[\/vc_column_text][\/toggle][toggle color=\u00bbDefault\u00bb heading_tag=\u00bbdefault\u00bb heading_tag_functionality=\u00bbdefault\u00bb title=\u00bb\u00bfVend\u00e9is o recomend\u00e1is alg\u00fan tipo de cuidado en especial?\u00bb][vc_column_text css=\u00bb\u00bb text_direction=\u00bbdefault\u00bb]S\u00ed, contamos con productos espec\u00edficos seg\u00fan el tatuaje para su cuidado. Te lo contaremos todo en el estudio. Tiny Tattoo no se hace responsable si el cliente decide utilizar un aftercare diferente al recomendado. Siempre aconsejamos utilizar los productos que vendemos, ya que podemos garantizar que son los mejores para Tiny Tattoos.[\/vc_column_text][\/toggle][toggle color=\u00bbDefault\u00bb heading_tag=\u00bbdefault\u00bb heading_tag_functionality=\u00bbdefault\u00bb title=\u00bb\u00bfQu\u00e9 hago si mi tattoo ha quedado clarito?\u00bb][vc_column_text css=\u00bb\u00bb text_direction=\u00bbdefault\u00bb]Lo primero es escribirnos y lo segundo \u00a1No alarmarse! \u00a1Siempre se puede repasar! Hay personas a las que no les importa llevar el tattoo un poco m\u00e1s clarito. Otras que desconocen los riesgos de un tattoo fine line sobretodo en determinadas zonas y se sorprenden cuando estos curan y los comparan con otros tatuajes que ya tienen.<\/p>\n<p>Si tu tattoo ha curado dentro de lo normal te lo diremos ya que es muy posible que haya perdido tinta o la linea haya quedado algo entrecortada y aun as\u00ed ser\u00eda un buen resultado.<\/p>\n<p>*Si ese es tu caso, no te preocupes, en un tattoo fineline solo har\u00e1 falta repasarlo para que quede guay a diferencia de una linea normal o gruesa, la cual se puede difuminar, quedando emborronado, difuminado o filtrado.<\/p>\n<p>Ofrecemos a todos nuestros clientes una Garant\u00eda Tiny Tattoo, esto significa que garantizamos que tu resultado ser\u00e1 el mejor, y si por alguna raz\u00f3n a\u00fan no est\u00e1s satisfecho con \u00e9l, podemos repasarlo tantas veces como sea necesario.<br \/>\n[\/vc_column_text][\/toggle][toggle color=\u00bbDefault\u00bb heading_tag=\u00bbdefault\u00bb heading_tag_functionality=\u00bbdefault\u00bb title=\u00bb\u00bfEs posible que mi tattoo pierda tinta cur\u00e1ndolo seg\u00fan las indicaciones de tiny tattoo?\u00bb][vc_column_text css=\u00bb\u00bb text_direction=\u00bbdefault\u00bb]S\u00ed, es probable y no pasa absolutamente nada, Como coment\u00e1bamos antes, el resultado de estos tatuajes no es completamente homog\u00e9neo y el tono no suele ser oscuro.<\/p>\n<p>Hay personas a las que incluso no prestando mucha atenci\u00f3n al curado les quedan geniales y otras que siguen al pie de la letra todo y tenemos que repasarlos. Est\u00e1 claro que si no seguimos las recomendaciones aumentamos las probabilidades de necesitar un repaso.<\/p>\n<p>Es completamente normal que baje la tonalidad del negro una vez curados, ya que estos tattoos curan as\u00ed. Hay que tener en cuenta, que la piel va cambiando y por consiguiente tu tattoo tambi\u00e9n! No es una fotocopia en un papel.<\/p>\n<p>Nuestro consejo es que si quieres tu fine line muy negrito, deber\u00e1s hacerlo un poco m\u00e1s grueso o vas a tener que hacer el Tattoo en dos veces, es decir venir a tatuarte y luego repasarlo.<br \/>\n[\/vc_column_text][\/toggle][\/toggles][\/vc_column][\/vc_row]\n","protected":false},"excerpt":{"rendered":"<p>[vc_row type=\u00bbfull_width_background\u00bb full_screen_row_position=\u00bbmiddle\u00bb column_margin=\u00bbdefault\u00bb column_direction=\u00bbdefault\u00bb column_direction_tablet=\u00bbdefault\u00bb column_direction_phone=\u00bbdefault\u00bb bg_color=\u00bb#f8bed4&#8243; scene_position=\u00bbcenter\u00bb top_padding=\u00bb100&#8243; bottom_padding=\u00bb20&#8243; text_color=\u00bbdark\u00bb text_align=\u00bbleft\u00bb row_border_radius=\u00bbnone\u00bb row_border_radius_applies=\u00bbbg\u00bb overflow=\u00bbvisible\u00bb class=\u00bbbartists\u00bb id=\u00bbbtopgen\u00bb overlay_strength=\u00bb0.3&#8243; gradient_direction=\u00bbleft_to_right\u00bb shape_divider_position=\u00bbbottom\u00bb bg_image_animation=\u00bbnone\u00bb gradient_type=\u00bbdefault\u00bb shape_type=\u00bb\u00bb][vc_column column_padding=\u00bbno-extra-padding\u00bb column_padding_tablet=\u00bbinherit\u00bb column_padding_phone=\u00bbinherit\u00bb column_padding_position=\u00bball\u00bb column_element_direction_desktop=\u00bbdefault\u00bb column_element_spacing=\u00bbdefault\u00bb&#8230;<\/p>\n","protected":false},"author":1,"featured_media":0,"parent":0,"menu_order":0,"comment_status":"closed","ping_status":"closed","template":"","meta":{"footnotes":""},"tipo":[],"class_list":["post-958","page","type-page","status-publish"],"_links":{"self":[{"href":"https:\/\/www.tinytattoo.com\/es\/wp-json\/wp\/v2\/pages\/958","targetHints":{"allow":["GET"]}}],"collection":[{"href":"https:\/\/www.tinytattoo.com\/es\/wp-json\/wp\/v2\/pages"}],"about":[{"href":"https:\/\/www.tinytattoo.com\/es\/wp-json\/wp\/v2\/types\/page"}],"author":[{"embeddable":true,"href":"https:\/\/www.tinytattoo.com\/es\/wp-json\/wp\/v2\/users\/1"}],"replies":[{"embeddable":true,"href":"https:\/\/www.tinytattoo.com\/es\/wp-json\/wp\/v2\/comments?post=958"}],"version-history":[{"count":2,"href":"https:\/\/www.tinytattoo.com\/es\/wp-json\/wp\/v2\/pages\/958\/revisions"}],"predecessor-version":[{"id":1515,"href":"https:\/\/www.tinytattoo.com\/es\/wp-json\/wp\/v2\/pages\/958\/revisions\/1515"}],"wp:attachment":[{"href":"https:\/\/www.tinytattoo.com\/es\/wp-json\/wp\/v2\/media?parent=958"}],"wp:term":[{"taxonomy":"tipo","embeddable":true,"href":"https:\/\/www.tinytattoo.com\/es\/wp-json\/wp\/v2\/tipo?post=958"}],"curies":[{"name":"wp","href":"https:\/\/api.w.org\/{rel}","templated":true}]}}