{"id":989,"date":"2025-05-20T11:35:01","date_gmt":"2025-05-20T09:35:01","guid":{"rendered":"https:\/\/www.tinytattoo.com\/san-antonio\/"},"modified":"2025-09-29T17:10:01","modified_gmt":"2025-09-29T15:10:01","slug":"san-antonio","status":"publish","type":"page","link":"https:\/\/www.tinytattoo.com\/es\/san-antonio\/","title":{"rendered":"San Antonio"},"content":{"rendered":"[vc_row type=\u00bbfull_width_background\u00bb full_screen_row_position=\u00bbmiddle\u00bb column_margin=\u00bbdefault\u00bb column_direction=\u00bbdefault\u00bb column_direction_tablet=\u00bbdefault\u00bb column_direction_phone=\u00bbdefault\u00bb bg_color=\u00bb#ff85ae\u00bb scene_position=\u00bbcenter\u00bb top_padding=\u00bb100&#8243; bottom_padding=\u00bb30&#8243; text_color=\u00bbdark\u00bb text_align=\u00bbleft\u00bb row_border_radius=\u00bbnone\u00bb row_border_radius_applies=\u00bbbg\u00bb overflow=\u00bbvisible\u00bb id=\u00bbblocation1&#8243; overlay_strength=\u00bb0.3&#8243; gradient_direction=\u00bbleft_to_right\u00bb shape_divider_position=\u00bbbottom\u00bb bg_image_animation=\u00bbnone\u00bb gradient_type=\u00bbdefault\u00bb shape_type=\u00bb\u00bb][vc_column column_padding=\u00bbno-extra-padding\u00bb column_padding_tablet=\u00bbinherit\u00bb column_padding_phone=\u00bbinherit\u00bb column_padding_position=\u00bball\u00bb column_element_direction_desktop=\u00bbdefault\u00bb column_element_spacing=\u00bbdefault\u00bb desktop_text_alignment=\u00bbdefault\u00bb tablet_text_alignment=\u00bbdefault\u00bb phone_text_alignment=\u00bbdefault\u00bb background_color_opacity=\u00bb1&#8243; background_hover_color_opacity=\u00bb1&#8243; column_backdrop_filter=\u00bbnone\u00bb column_shadow=\u00bbnone\u00bb column_border_radius=\u00bbnone\u00bb column_link_target=\u00bb_self\u00bb column_position=\u00bbdefault\u00bb gradient_direction=\u00bbleft_to_right\u00bb overlay_strength=\u00bb0.3&#8243; width=\u00bb1\/1&#8243; tablet_width_inherit=\u00bbdefault\u00bb animation_type=\u00bbdefault\u00bb bg_image_animation=\u00bbnone\u00bb border_type=\u00bbsimple\u00bb column_border_width=\u00bbnone\u00bb column_border_style=\u00bbsolid\u00bb][vc_custom_heading source=\u00bbpost_title\u00bb font_container=\u00bbtag:h1|text_align:center\u00bb use_theme_fonts=\u00bbyes\u00bb css=\u00bb\u00bb el_class=\u00bbtit_amarillo_up\u00bb][vc_row_inner column_margin=\u00bbdefault\u00bb column_direction=\u00bbdefault\u00bb column_direction_tablet=\u00bbdefault\u00bb column_direction_phone=\u00bbdefault\u00bb text_align=\u00bbleft\u00bb row_position=\u00bbdefault\u00bb row_position_tablet=\u00bbinherit\u00bb row_position_phone=\u00bbinherit\u00bb overflow=\u00bbvisible\u00bb pointer_events=\u00bball\u00bb][vc_column_inner column_padding=\u00bbno-extra-padding\u00bb column_padding_tablet=\u00bbinherit\u00bb column_padding_phone=\u00bbinherit\u00bb column_padding_position=\u00bball\u00bb column_element_direction_desktop=\u00bbdefault\u00bb column_element_spacing=\u00bbdefault\u00bb desktop_text_alignment=\u00bbdefault\u00bb tablet_text_alignment=\u00bbdefault\u00bb phone_text_alignment=\u00bbdefault\u00bb background_color_opacity=\u00bb1&#8243; background_hover_color_opacity=\u00bb1&#8243; column_backdrop_filter=\u00bbnone\u00bb column_shadow=\u00bbnone\u00bb column_border_radius=\u00bbnone\u00bb column_link_target=\u00bb_self\u00bb overflow=\u00bbvisible\u00bb gradient_direction=\u00bbleft_to_right\u00bb overlay_strength=\u00bb0.3&#8243; width=\u00bb1\/2&#8243; tablet_width_inherit=\u00bbsmall_desktop\u00bb animation_type=\u00bbdefault\u00bb bg_image_animation=\u00bbnone\u00bb border_type=\u00bbsimple\u00bb column_border_width=\u00bbnone\u00bb column_border_style=\u00bbsolid\u00bb column_padding_type=\u00bbdefault\u00bb gradient_type=\u00bbdefault\u00bb offset=\u00bbvc_col-xs-8&#8243;][nectar_icon icon_family=\u00bbfontawesome\u00bb icon_style=\u00bbdefault\u00bb icon_color_type=\u00bbcolor_scheme\u00bb icon_color=\u00bbblack\u00bb open_new_tab=\u00bbtrue\u00bb icon_padding=\u00bb10px\u00bb pointer_events=\u00bball\u00bb icon_fontawesome=\u00bbfa fa-instagram\u00bb url=\u00bbhttps:\/\/www.instagram.com\/tinytattoosanantonio\/\u00bb screen_reader_text=\u00bbInstagram\u00bb icon_size=\u00bb30&#8243; class_name=\u00bbiconof\u00bb margin_right=\u00bb10&#8243;][nectar_icon icon_family=\u00bbnectarbrands\u00bb icon_style=\u00bbdefault\u00bb icon_color_type=\u00bbcolor_scheme\u00bb icon_color=\u00bbblack\u00bb open_new_tab=\u00bbtrue\u00bb icon_padding=\u00bb10px\u00bb pointer_events=\u00bball\u00bb url=\u00bbhttps:\/\/www.tiktok.com\/@tinytattooibiza\u00bb screen_reader_text=\u00bbTikTok\u00bb icon_size=\u00bb30&#8243; class_name=\u00bbiconof\u00bb icon_nectarbrands=\u00bbnectar-brands-tiktok\u00bb margin_right=\u00bb10&#8243;][nectar_icon icon_family=\u00bbfontawesome\u00bb icon_style=\u00bbdefault\u00bb icon_color_type=\u00bbcolor_scheme\u00bb icon_color=\u00bbblack\u00bb open_new_tab=\u00bbtrue\u00bb icon_padding=\u00bb10px\u00bb pointer_events=\u00bball\u00bb icon_fontawesome=\u00bbfa fa-whatsapp\u00bb url=\u00bbhttps:\/\/api.whatsapp.com\/send?phone=34634484162&#8243; screen_reader_text=\u00bbWhatsapp\u00bb icon_size=\u00bb30&#8243; class_name=\u00bbiconof\u00bb][\/vc_column_inner][vc_column_inner column_padding=\u00bbno-extra-padding\u00bb column_padding_tablet=\u00bbinherit\u00bb column_padding_phone=\u00bbinherit\u00bb column_padding_position=\u00bball\u00bb column_element_direction_desktop=\u00bbdefault\u00bb column_element_spacing=\u00bbdefault\u00bb desktop_text_alignment=\u00bbdefault\u00bb tablet_text_alignment=\u00bbdefault\u00bb phone_text_alignment=\u00bbdefault\u00bb background_color_opacity=\u00bb1&#8243; background_hover_color_opacity=\u00bb1&#8243; column_backdrop_filter=\u00bbnone\u00bb column_shadow=\u00bbnone\u00bb column_border_radius=\u00bbnone\u00bb column_link_target=\u00bb_self\u00bb overflow=\u00bbvisible\u00bb gradient_direction=\u00bbleft_to_right\u00bb overlay_strength=\u00bb0.3&#8243; width=\u00bb1\/2&#8243; tablet_width_inherit=\u00bbsmall_desktop\u00bb animation_type=\u00bbdefault\u00bb bg_image_animation=\u00bbnone\u00bb border_type=\u00bbsimple\u00bb column_border_width=\u00bbnone\u00bb column_border_style=\u00bbsolid\u00bb column_padding_type=\u00bbdefault\u00bb gradient_type=\u00bbdefault\u00bb offset=\u00bbvc_col-xs-4&#8243;][nectar_icon icon_family=\u00bbfontawesome\u00bb icon_style=\u00bbdefault\u00bb icon_color_type=\u00bbcolor_scheme\u00bb icon_color=\u00bbblack\u00bb open_new_tab=\u00bbtrue\u00bb icon_padding=\u00bb10px\u00bb pointer_events=\u00bball\u00bb url=\u00bbhttps:\/\/www.google.com\/maps?saddr=My+Location&amp;daddr=38.979575,1.302317&#8243; screen_reader_text=\u00bbLocation\u00bb icon_size=\u00bb30&#8243; class_name=\u00bbiconof\u00bb icon_fontawesome=\u00bbfa fa-map-pin\u00bb][\/vc_column_inner][\/vc_row_inner][\/vc_column][\/vc_row][vc_row type=\u00bbfull_width_background\u00bb full_screen_row_position=\u00bbmiddle\u00bb column_margin=\u00bbdefault\u00bb equal_height=\u00bbyes\u00bb content_placement=\u00bbbottom\u00bb column_direction=\u00bbdefault\u00bb column_direction_tablet=\u00bbdefault\u00bb column_direction_phone=\u00bbdefault\u00bb bg_color=\u00bb#ff85ae\u00bb scene_position=\u00bbcenter\u00bb text_color=\u00bbdark\u00bb text_align=\u00bbleft\u00bb row_border_radius=\u00bbnone\u00bb row_border_radius_applies=\u00bbbg\u00bb overflow=\u00bbvisible\u00bb id=\u00bbblocation2&#8243; overlay_strength=\u00bb0.3&#8243; gradient_direction=\u00bbleft_to_right\u00bb shape_divider_position=\u00bbbottom\u00bb bg_image_animation=\u00bbnone\u00bb gradient_type=\u00bbdefault\u00bb shape_type=\u00bb\u00bb][vc_column column_padding=\u00bbno-extra-padding\u00bb column_padding_tablet=\u00bbinherit\u00bb column_padding_phone=\u00bbinherit\u00bb column_padding_position=\u00bball\u00bb column_element_direction_desktop=\u00bbdefault\u00bb column_element_spacing=\u00bbdefault\u00bb centered_text=\u00bbtrue\u00bb desktop_text_alignment=\u00bbdefault\u00bb tablet_text_alignment=\u00bbdefault\u00bb phone_text_alignment=\u00bbdefault\u00bb background_color_opacity=\u00bb1&#8243; background_hover_color_opacity=\u00bb1&#8243; background_image=\u00bb311&#8243; background_image_position=\u00bbcenter top\u00bb background_image_stacking=\u00bbdefault\u00bb enable_bg_scale=\u00bbtrue\u00bb background_image_loading=\u00bbdefault\u00bb column_backdrop_filter=\u00bbnone\u00bb column_shadow=\u00bbnone\u00bb column_border_radius=\u00bbnone\u00bb column_link_target=\u00bb_self\u00bb column_position=\u00bbdefault\u00bb gradient_direction=\u00bbleft_to_right\u00bb overlay_strength=\u00bb0.3&#8243; width=\u00bb1\/1&#8243; tablet_width_inherit=\u00bbdefault\u00bb animation_type=\u00bbdefault\u00bb bg_image_animation=\u00bbnone\u00bb border_type=\u00bbsimple\u00bb column_border_width=\u00bbnone\u00bb column_border_style=\u00bbsolid\u00bb column_padding_type=\u00bbdefault\u00bb gradient_type=\u00bbdefault\u00bb][nectar_btn size=\u00bbjumbo\u00bb open_new_tab=\u00bbtrue\u00bb button_style=\u00bbregular\u00bb button_color_2=\u00bbExtra-Color-3&#8243; color_override=\u00bb#ff77b7&#8243; solid_text_color_override=\u00bb#000000&#8243; icon_family=\u00bbnone\u00bb el_class=\u00bbbtn_rosa\u00bb text=\u00bbRESERVA TU TATTOO\u00bb url=\u00bbhttps:\/\/www.fresha.com\/book-now\/tiny-tattoo-dw5d47s1\/services?lid=2601442&#038;share&#038;pId=2508492&#8243; margin_bottom=\u00bb40&#8243;][\/vc_column][\/vc_row][vc_row type=\u00bbfull_width_background\u00bb full_screen_row_position=\u00bbmiddle\u00bb column_margin=\u00bbdefault\u00bb column_direction=\u00bbdefault\u00bb column_direction_tablet=\u00bbdefault\u00bb column_direction_phone=\u00bbdefault\u00bb bg_color=\u00bb#ff85ae\u00bb scene_position=\u00bbcenter\u00bb top_padding=\u00bb80&#8243; bottom_padding=\u00bb60&#8243; text_color=\u00bbdark\u00bb text_align=\u00bbleft\u00bb row_border_radius=\u00bbnone\u00bb row_border_radius_applies=\u00bbbg\u00bb overflow=\u00bbvisible\u00bb overlay_strength=\u00bb0.3&#8243; gradient_direction=\u00bbleft_to_right\u00bb shape_divider_position=\u00bbbottom\u00bb bg_image_animation=\u00bbnone\u00bb gradient_type=\u00bbdefault\u00bb shape_type=\u00bb\u00bb][vc_column column_padding=\u00bbno-extra-padding\u00bb column_padding_tablet=\u00bbinherit\u00bb column_padding_phone=\u00bbinherit\u00bb column_padding_position=\u00bball\u00bb column_element_direction_desktop=\u00bbdefault\u00bb column_element_spacing=\u00bbdefault\u00bb desktop_text_alignment=\u00bbdefault\u00bb tablet_text_alignment=\u00bbdefault\u00bb phone_text_alignment=\u00bbdefault\u00bb background_color_opacity=\u00bb1&#8243; background_hover_color_opacity=\u00bb1&#8243; column_backdrop_filter=\u00bbnone\u00bb column_shadow=\u00bbnone\u00bb column_border_radius=\u00bbnone\u00bb column_link_target=\u00bb_self\u00bb column_position=\u00bbdefault\u00bb gradient_direction=\u00bbleft_to_right\u00bb overlay_strength=\u00bb0.3&#8243; width=\u00bb1\/1&#8243; tablet_width_inherit=\u00bbdefault\u00bb animation_type=\u00bbdefault\u00bb bg_image_animation=\u00bbnone\u00bb border_type=\u00bbsimple\u00bb column_border_width=\u00bbnone\u00bb column_border_style=\u00bbsolid\u00bb][vc_column_text css=\u00bb\u00bb text_direction=\u00bbdefault\u00bb]A dos calles del paseo mar\u00edtimo, este refugio rosa combina la pared-mosaico con cientos de mini-dise\u00f1os y sillones Barbie perfectos para tu selfie de estreno. Nuestros tatuadores certificados dominan el arte del microrealismo y el fine line, desde constelaciones hasta la coordenada exacta de tu puesta de sol favorita. M\u00fasica chill-latin, kombucha fr\u00eda y kit de aftercare incluido para que sigas disfrutando del atardecer con tu nuevo tattoo reci\u00e9n curado.[\/vc_column_text][\/vc_column][\/vc_row][vc_row type=\u00bbfull_width_background\u00bb full_screen_row_position=\u00bbmiddle\u00bb column_margin=\u00bbdefault\u00bb column_direction=\u00bbdefault\u00bb column_direction_tablet=\u00bbdefault\u00bb column_direction_phone=\u00bbdefault\u00bb bg_color=\u00bb#ff85ae\u00bb scene_position=\u00bbcenter\u00bb text_color=\u00bbdark\u00bb text_align=\u00bbleft\u00bb row_border_radius=\u00bbnone\u00bb row_border_radius_applies=\u00bbbg\u00bb overflow=\u00bbvisible\u00bb id=\u00bbblocation3&#8243; overlay_strength=\u00bb0.3&#8243; gradient_direction=\u00bbleft_to_right\u00bb shape_divider_position=\u00bbbottom\u00bb bg_image_animation=\u00bbnone\u00bb gradient_type=\u00bbdefault\u00bb shape_type=\u00bb\u00bb][vc_column column_padding=\u00bbno-extra-padding\u00bb column_padding_tablet=\u00bbinherit\u00bb column_padding_phone=\u00bbinherit\u00bb column_padding_position=\u00bball\u00bb column_element_direction_desktop=\u00bbdefault\u00bb column_element_spacing=\u00bbdefault\u00bb desktop_text_alignment=\u00bbcenter\u00bb tablet_text_alignment=\u00bbdefault\u00bb phone_text_alignment=\u00bbdefault\u00bb background_color_opacity=\u00bb1&#8243; background_hover_color_opacity=\u00bb1&#8243; column_backdrop_filter=\u00bbnone\u00bb column_shadow=\u00bbnone\u00bb column_border_radius=\u00bbnone\u00bb column_link_target=\u00bb_self\u00bb column_position=\u00bbdefault\u00bb gradient_direction=\u00bbleft_to_right\u00bb overlay_strength=\u00bb0.3&#8243; width=\u00bb1\/1&#8243; tablet_width_inherit=\u00bbdefault\u00bb animation_type=\u00bbdefault\u00bb bg_image_animation=\u00bbnone\u00bb border_type=\u00bbsimple\u00bb column_border_width=\u00bbnone\u00bb column_border_style=\u00bbsolid\u00bb column_padding_type=\u00bbdefault\u00bb gradient_type=\u00bbdefault\u00bb][vc_custom_heading text=\u00bbARTISTAS EN SAN ANTONIO\u00bb font_container=\u00bbtag:h2|text_align:center\u00bb use_theme_fonts=\u00bbyes\u00bb css=\u00bb\u00bb el_class=\u00bbtit_amarillo_up\u00bb][nectar_post_grid post_type=\u00bbcustom\u00bb cpt_name=\u00bbpage\u00bb order=\u00bbDESC\u00bb orderby=\u00bbrand\u00bb flickity_controls=\u00bbdefault\u00bb flickity_overflow=\u00bbhidden\u00bb flickity_wrap_around=\u00bbwrap\u00bb columns=\u00bb3&#8243; columns_tablet=\u00bbdefault\u00bb columns_phone=\u00bbdefault\u00bb desktop_small_cols_flickity=\u00bbdefault\u00bb tablet_cols_flickity=\u00bbdefault\u00bb phone_cols_flickity=\u00bb1&#8243; grid_item_spacing=\u00bb15px\u00bb grid_item_height=\u00bb40vh\u00bb 3_col_masonry_layout=\u00bbdefault\u00bb image_size=\u00bblarge\u00bb overlaid_aspect_ratio_image_size=\u00bbyes\u00bb overlaid_custom_image_aspect_ratio=\u00bb4-5&#8243; image_loading=\u00bbdefault\u00bb animation=\u00bbnone\u00bb animation_stagger=\u00bb90&#8243; animation_easing=\u00bbdefault\u00bb heading_tag=\u00bbdefault\u00bb category_position=\u00bbdefault\u00bb additional_meta_size=\u00bbdefault\u00bb custom_fields_location=\u00bbbefore_post_meta\u00bb grid_style=\u00bbcontent_overlaid\u00bb text_content_layout=\u00bball_bottom_left\u00bb color_overlay_opacity=\u00bb0.3&#8243; color_overlay_hover_opacity=\u00bb0.4&#8243; text_color=\u00bblight\u00bb text_color_hover=\u00bblight\u00bb text_opacity=\u00bb1&#8243; text_hover_opacity=\u00bb1&#8243; hover_effect=\u00bbzoom\u00bb border_radius=\u00bb25px\u00bb display_type=\u00bbcarousel\u00bb posts_per_page=\u00bb-1&#8243; custom_query_tax=\u00bb30&#8243;][nectar_btn size=\u00bbjumbo\u00bb open_new_tab=\u00bbtrue\u00bb button_style=\u00bbregular\u00bb button_color_2=\u00bbExtra-Color-3&#8243; color_override=\u00bb#ff77b7&#8243; solid_text_color_override=\u00bb#000000&#8243; icon_family=\u00bbnone\u00bb el_class=\u00bbbtn_rosa\u00bb text=\u00bbRESERVA TU TATTOO\u00bb url=\u00bbhttps:\/\/www.fresha.com\/book-now\/tiny-tattoo-dw5d47s1\/services?lid=2601442&#038;share&#038;pId=2508492&#8243; margin_bottom=\u00bb40&#8243;][\/vc_column][\/vc_row][vc_row type=\u00bbfull_width_background\u00bb full_screen_row_position=\u00bbmiddle\u00bb column_margin=\u00bbdefault\u00bb column_direction=\u00bbdefault\u00bb column_direction_tablet=\u00bbdefault\u00bb column_direction_phone=\u00bbdefault\u00bb bg_color=\u00bb#ff85ae\u00bb scene_position=\u00bbcenter\u00bb top_padding=\u00bb50&#8243; bottom_padding=\u00bb50&#8243; text_color=\u00bbdark\u00bb text_align=\u00bbleft\u00bb row_border_radius=\u00bbnone\u00bb row_border_radius_applies=\u00bbbg\u00bb overflow=\u00bbvisible\u00bb overlay_strength=\u00bb0.3&#8243; gradient_direction=\u00bbleft_to_right\u00bb shape_divider_position=\u00bbbottom\u00bb bg_image_animation=\u00bbnone\u00bb gradient_type=\u00bbdefault\u00bb shape_type=\u00bb\u00bb][vc_column column_padding=\u00bbno-extra-padding\u00bb column_padding_tablet=\u00bbinherit\u00bb column_padding_phone=\u00bbinherit\u00bb column_padding_position=\u00bball\u00bb column_element_direction_desktop=\u00bbdefault\u00bb column_element_spacing=\u00bbdefault\u00bb desktop_text_alignment=\u00bbdefault\u00bb tablet_text_alignment=\u00bbdefault\u00bb phone_text_alignment=\u00bbdefault\u00bb background_color_opacity=\u00bb1&#8243; background_hover_color_opacity=\u00bb1&#8243; column_backdrop_filter=\u00bbnone\u00bb column_shadow=\u00bbnone\u00bb column_border_radius=\u00bbnone\u00bb column_link_target=\u00bb_self\u00bb column_position=\u00bbdefault\u00bb gradient_direction=\u00bbleft_to_right\u00bb overlay_strength=\u00bb0.3&#8243; width=\u00bb1\/1&#8243; tablet_width_inherit=\u00bbdefault\u00bb animation_type=\u00bbdefault\u00bb bg_image_animation=\u00bbnone\u00bb border_type=\u00bbsimple\u00bb column_border_width=\u00bbnone\u00bb column_border_style=\u00bbsolid\u00bb][vc_gallery css=\u00bb\u00bb type=\u00bbimage_grid\u00bb images=\u00bb991,992,993,994&#8243; image_grid_loading=\u00bbdefault\u00bb layout=\u00bb2&#8243; masonry_style=\u00bbtrue\u00bb item_spacing=\u00bb1px\u00bb gallery_style=\u00bb7&#8243; load_in_animation=\u00bbnone\u00bb img_size=\u00bbfull\u00bb][\/vc_column][\/vc_row][vc_row type=\u00bbfull_width_background\u00bb full_screen_row_position=\u00bbmiddle\u00bb column_margin=\u00bbdefault\u00bb column_direction=\u00bbdefault\u00bb column_direction_tablet=\u00bbdefault\u00bb column_direction_phone=\u00bbdefault\u00bb bg_color=\u00bb#ff85ae\u00bb scene_position=\u00bbcenter\u00bb top_padding=\u00bb50&#8243; bottom_padding=\u00bb50&#8243; text_color=\u00bbdark\u00bb text_align=\u00bbleft\u00bb row_border_radius=\u00bbnone\u00bb row_border_radius_applies=\u00bbbg\u00bb overflow=\u00bbvisible\u00bb overlay_strength=\u00bb0.3&#8243; gradient_direction=\u00bbleft_to_right\u00bb shape_divider_position=\u00bbbottom\u00bb bg_image_animation=\u00bbnone\u00bb gradient_type=\u00bbdefault\u00bb shape_type=\u00bb\u00bb][vc_column column_padding=\u00bbno-extra-padding\u00bb column_padding_tablet=\u00bbinherit\u00bb column_padding_phone=\u00bbinherit\u00bb column_padding_position=\u00bball\u00bb column_element_direction_desktop=\u00bbdefault\u00bb column_element_spacing=\u00bbdefault\u00bb desktop_text_alignment=\u00bbdefault\u00bb tablet_text_alignment=\u00bbdefault\u00bb phone_text_alignment=\u00bbdefault\u00bb background_color_opacity=\u00bb1&#8243; background_hover_color_opacity=\u00bb1&#8243; column_backdrop_filter=\u00bbnone\u00bb column_shadow=\u00bbnone\u00bb column_border_radius=\u00bbnone\u00bb column_link_target=\u00bb_self\u00bb column_position=\u00bbdefault\u00bb gradient_direction=\u00bbleft_to_right\u00bb overlay_strength=\u00bb0.3&#8243; width=\u00bb1\/1&#8243; tablet_width_inherit=\u00bbdefault\u00bb animation_type=\u00bbdefault\u00bb bg_image_animation=\u00bbnone\u00bb border_type=\u00bbsimple\u00bb column_border_width=\u00bbnone\u00bb column_border_style=\u00bbsolid\u00bb][nectar_gmap map_type=\u00bbleaflet\u00bb zoom=\u00bb18&#8243; marker_style=\u00bbdefault\u00bb color=\u00bbaccent-color\u00bb size=\u00bb600&#8243; map_center_lat=\u00bb38.979584&#8243; map_center_lng=\u00bb1.302362&#8243; map_markers=\u00bb38.979584|1.302362|Tiny Tattoo San Antonio\u00bb][\/vc_column][\/vc_row][vc_row type=\u00bbfull_width_background\u00bb full_screen_row_position=\u00bbmiddle\u00bb column_margin=\u00bbdefault\u00bb column_direction=\u00bbdefault\u00bb column_direction_tablet=\u00bbdefault\u00bb column_direction_phone=\u00bbdefault\u00bb bg_color=\u00bb#ff85ae\u00bb scene_position=\u00bbcenter\u00bb text_color=\u00bbdark\u00bb text_align=\u00bbleft\u00bb row_border_radius=\u00bbnone\u00bb row_border_radius_applies=\u00bbbg\u00bb overflow=\u00bbvisible\u00bb id=\u00bbblocation4&#8243; overlay_strength=\u00bb0.3&#8243; gradient_direction=\u00bbleft_to_right\u00bb shape_divider_position=\u00bbbottom\u00bb bg_image_animation=\u00bbnone\u00bb gradient_type=\u00bbdefault\u00bb shape_type=\u00bb\u00bb][vc_column column_padding=\u00bbno-extra-padding\u00bb column_padding_tablet=\u00bbinherit\u00bb column_padding_phone=\u00bbinherit\u00bb column_padding_position=\u00bball\u00bb column_element_direction_desktop=\u00bbdefault\u00bb column_element_spacing=\u00bbdefault\u00bb desktop_text_alignment=\u00bbdefault\u00bb tablet_text_alignment=\u00bbdefault\u00bb phone_text_alignment=\u00bbdefault\u00bb background_color_opacity=\u00bb1&#8243; background_hover_color_opacity=\u00bb1&#8243; column_backdrop_filter=\u00bbnone\u00bb column_shadow=\u00bbnone\u00bb column_border_radius=\u00bbnone\u00bb column_link_target=\u00bb_self\u00bb column_position=\u00bbdefault\u00bb gradient_direction=\u00bbleft_to_right\u00bb overlay_strength=\u00bb0.3&#8243; width=\u00bb1\/1&#8243; tablet_width_inherit=\u00bbdefault\u00bb animation_type=\u00bbdefault\u00bb bg_image_animation=\u00bbnone\u00bb border_type=\u00bbsimple\u00bb column_border_width=\u00bbnone\u00bb column_border_style=\u00bbsolid\u00bb][vc_custom_heading text=\u00bbESTUDIOS\u00bb use_theme_fonts=\u00bbyes\u00bb css=\u00bb\u00bb el_class=\u00bbtit_amarillo_up\u00bb][vc_raw_html css=\u00bb\u00bb]JTNDYSUyMGhyZWYlM0QlMjJodHRwcyUzQSUyRiUyRnd3dy50aW55dGF0dG9vLmNvbSUyRmVzJTJGc2FuLWFudG9uaW8lMkYlMjIlMjBjbGFzcyUzRCUyMmdsb2JvJTIwZ2xvYm9fbmFyYW5qYSUyMiUzRVNBTiUzQ2JyJTNFQU5UT05JTyUzQ2JyJTNFSUJJWkElM0MlMkZhJTNFJTBBJTNDYSUyMGhyZWYlM0QlMjJodHRwcyUzQSUyRiUyRnd3dy50aW55dGF0dG9vLmNvbSUyRmVzJTJGcGxheWEtZGVuLWJvc3NhJTJGJTIyJTIwY2xhc3MlM0QlMjJnbG9ibyUyMGdsb2JvX3ZlcmRlJTIyJTNFUExBWUElM0NiciUzRUQlRTIlODAlOTlFTiUzQ2JyJTNFQk9TU0ElMjBJQklaQSUzQyUyRmElM0UlMEElM0NhJTIwaHJlZiUzRCUyMmh0dHBzJTNBJTJGJTJGd3d3LnRpbnl0YXR0b28uY29tJTJGZXMlMkZiYXJjZWxvbmElMkYlMjIlMjBjbGFzcyUzRCUyMmdsb2JvJTIwZ2xvYm9fYW1hcmlsbG8lMjIlM0VCQVJDRUxPTkElM0MlMkZhJTNF[\/vc_raw_html][\/vc_column][\/vc_row]\n","protected":false},"excerpt":{"rendered":"<p>[vc_row type=\u00bbfull_width_background\u00bb full_screen_row_position=\u00bbmiddle\u00bb column_margin=\u00bbdefault\u00bb column_direction=\u00bbdefault\u00bb column_direction_tablet=\u00bbdefault\u00bb column_direction_phone=\u00bbdefault\u00bb bg_color=\u00bb#ff85ae\u00bb scene_position=\u00bbcenter\u00bb top_padding=\u00bb100&#8243; bottom_padding=\u00bb30&#8243; text_color=\u00bbdark\u00bb text_align=\u00bbleft\u00bb row_border_radius=\u00bbnone\u00bb row_border_radius_applies=\u00bbbg\u00bb overflow=\u00bbvisible\u00bb id=\u00bbblocation1&#8243; overlay_strength=\u00bb0.3&#8243; gradient_direction=\u00bbleft_to_right\u00bb shape_divider_position=\u00bbbottom\u00bb bg_image_animation=\u00bbnone\u00bb gradient_type=\u00bbdefault\u00bb shape_type=\u00bb\u00bb][vc_column column_padding=\u00bbno-extra-padding\u00bb column_padding_tablet=\u00bbinherit\u00bb column_padding_phone=\u00bbinherit\u00bb column_padding_position=\u00bball\u00bb column_element_direction_desktop=\u00bbdefault\u00bb column_element_spacing=\u00bbdefault\u00bb desktop_text_alignment=\u00bbdefault\u00bb&#8230;<\/p>\n","protected":false},"author":1,"featured_media":0,"parent":0,"menu_order":0,"comment_status":"closed","ping_status":"closed","template":"","meta":{"footnotes":""},"tipo":[],"class_list":["post-989","page","type-page","status-publish"],"_links":{"self":[{"href":"https:\/\/www.tinytattoo.com\/es\/wp-json\/wp\/v2\/pages\/989","targetHints":{"allow":["GET"]}}],"collection":[{"href":"https:\/\/www.tinytattoo.com\/es\/wp-json\/wp\/v2\/pages"}],"about":[{"href":"https:\/\/www.tinytattoo.com\/es\/wp-json\/wp\/v2\/types\/page"}],"author":[{"embeddable":true,"href":"https:\/\/www.tinytattoo.com\/es\/wp-json\/wp\/v2\/users\/1"}],"replies":[{"embeddable":true,"href":"https:\/\/www.tinytattoo.com\/es\/wp-json\/wp\/v2\/comments?post=989"}],"version-history":[{"count":5,"href":"https:\/\/www.tinytattoo.com\/es\/wp-json\/wp\/v2\/pages\/989\/revisions"}],"predecessor-version":[{"id":1143,"href":"https:\/\/www.tinytattoo.com\/es\/wp-json\/wp\/v2\/pages\/989\/revisions\/1143"}],"wp:attachment":[{"href":"https:\/\/www.tinytattoo.com\/es\/wp-json\/wp\/v2\/media?parent=989"}],"wp:term":[{"taxonomy":"tipo","embeddable":true,"href":"https:\/\/www.tinytattoo.com\/es\/wp-json\/wp\/v2\/tipo?post=989"}],"curies":[{"name":"wp","href":"https:\/\/api.w.org\/{rel}","templated":true}]}}